{"id":154,"date":"2022-01-04T22:01:33","date_gmt":"2022-01-04T22:01:33","guid":{"rendered":"https:\/\/polizeigewalt-melden.de\/?page_id=154"},"modified":"2025-10-31T15:13:19","modified_gmt":"2025-10-31T14:13:19","slug":"info","status":"publish","type":"page","link":"https:\/\/polizeigewalt-melden.de\/de\/info\/","title":{"rendered":"Info"},"content":{"rendered":"\n<p>Ihr kennt das sicher.<\/p>\n\n\n\n<p>Ihr seid mit Freund*innen drau\u00dfen, oder trefft Euch und pl\u00f6tzlich kommt die Polizei und will Euch kontrollieren. Ihr habt nichts Falsches gemacht, aber ihr werdet behandelt wie Kriminelle. Oder Ihr seid in Eurer WG und pl\u00f6tzlich klingelt die Polizei an Eurer T\u00fcr oder bricht ein, ohne zu sagen warum. Sie stellen komische Fragen, nehmen Euch mit, behalten Eure Handys, Euer Geld, verletzen euch. Ihr seid allein, und wisst nicht, was Ihr machen sollt.<\/p>\n\n\n\n<p>Wir beobachten, dass die Polizei Euch respektlos behandelt, weil sie rassistisch ist.<\/p>\n\n\n\n<p>Rassismus ist, wenn Menschen zum Beispiel nur wegen ihrer Hautfarbe, Herkunft oder Religion ungerecht oder schlecht behandelt werden.<\/p>\n\n\n\n<p>Das ist verboten: die Polizei muss alle Menschen gleich behandeln! Selbst, wenn Ihr einen Fehler gemacht habt, muss die Polizei Euch mit Respekt behandeln<\/p>\n\n\n\n<p>Um etwas dagegen zu tun, haben wir in Berlin die Initiative \u201e<strong>Schutzr\u00e4ume sichern!<\/strong>\u201c gegr\u00fcndet. Ihr k\u00f6nnt den kleinen Fragebogen ausf\u00fcllen, wenn Euch selbst etwas passiert ist, oder Euren Freund*innen, oder Ihr einfach etwas gesehen habt. Euer Name oder Eure Kontakte werden nicht ver\u00f6ffentlicht. Eure Berichte k\u00f6nnen anonym ver\u00f6ffentlicht werden.<\/p>\n\n\n\n<p>Wir interessieren uns f\u00fcr Eure Erfahrungen und Berichte. Eure Frageb\u00f6gen helfen uns dabei, Rassismus bei der Polizei \u00f6ffentlich zu machen. Danke Euch!<\/p>\n\n\n\n<p>Zur Zeit ist der Fragebogen nur auf deutsch ausf\u00fcllbar. Wir bem\u00fchen uns, zeitnah verschiedene Sprachen zu erm\u00f6glichen. Vielen Dank f\u00fcr Euer Verst\u00e4ndnis.<\/p>\n\n\n\n<p><a href=\"https:\/\/app.mural.co\/t\/austauschtreffenrassistische2848\/m\/austauschtreffenrassistische2848\/1743064747598\/a7c07f029ebf269f95a6545208d50cc51e5dd867\">Infos f\u00fcr Sozialarbeitende<\/a><\/p>\n","protected":false},"excerpt":{"rendered":"<p>Ihr kennt das sicher. Ihr seid mit Freund*innen drau\u00dfen, oder trefft Euch und pl\u00f6tzlich kommt die Polizei und will Euch kontrollieren. Ihr habt nichts Falsches gemacht, aber ihr werdet behandelt wie Kriminelle. Oder Ihr seid in Eurer WG und pl\u00f6tzlich klingelt die Polizei an Eurer T\u00fcr oder bricht ein, ohne zu sagen warum. Sie stellen [&#8230;]<\/p>\n<p><a class=\"btn btn-secondary understrap-read-more-link\" href=\"https:\/\/polizeigewalt-melden.de\/de\/info\/\">Weiterlesen&#8230;<span class=\"screen-reader-text\"> from Info<\/span><\/a><\/p>\n","protected":false},"author":1,"featured_media":0,"parent":0,"menu_order":0,"comment_status":"closed","ping_status":"closed","template":"","meta":{"footnotes":""},"class_list":["post-154","page","type-page","status-publish","hentry"],"_links":{"self":[{"href":"https:\/\/polizeigewalt-melden.de\/de\/wp-json\/wp\/v2\/pages\/154","targetHints":{"allow":["GET"]}}],"collection":[{"href":"https:\/\/polizeigewalt-melden.de\/de\/wp-json\/wp\/v2\/pages"}],"about":[{"href":"https:\/\/polizeigewalt-melden.de\/de\/wp-json\/wp\/v2\/types\/page"}],"author":[{"embeddable":true,"href":"https:\/\/polizeigewalt-melden.de\/de\/wp-json\/wp\/v2\/users\/1"}],"replies":[{"embeddable":true,"href":"https:\/\/polizeigewalt-melden.de\/de\/wp-json\/wp\/v2\/comments?post=154"}],"version-history":[{"count":2,"href":"https:\/\/polizeigewalt-melden.de\/de\/wp-json\/wp\/v2\/pages\/154\/revisions"}],"predecessor-version":[{"id":299,"href":"https:\/\/polizeigewalt-melden.de\/de\/wp-json\/wp\/v2\/pages\/154\/revisions\/299"}],"wp:attachment":[{"href":"https:\/\/polizeigewalt-melden.de\/de\/wp-json\/wp\/v2\/media?parent=154"}],"curies":[{"name":"wp","href":"https:\/\/api.w.org\/{rel}","templated":true}]}}