{"id":2,"date":"2021-11-18T10:53:29","date_gmt":"2021-11-18T10:53:29","guid":{"rendered":"https:\/\/polizeigewalt-melden.de\/?page_id=2"},"modified":"2022-02-27T22:41:16","modified_gmt":"2022-02-27T21:41:16","slug":"main","status":"publish","type":"page","link":"https:\/\/polizeigewalt-melden.de\/de\/main\/","title":{"rendered":"Main"},"content":{"rendered":"\n<h2 class=\"has-text-align-center wp-block-heading\" id=\"du-hast-erfahrungen-mit-rassistischer-polizeigewalt\">Du hast Erfahrungen mit rassistischer Polizeigewalt?<\/h2>\n\n\n\n<div style=\"height:25px\" aria-hidden=\"true\" class=\"wp-block-spacer\"><\/div>\n\n\n\n<p id=\"unter-melden-kannst-du-den-vorfall-bei-uns-zur-dokumentation-melden-wenn-ihr-beratung-braucht-findet-ihr-unter-hilfe-kontakte-anlaufstellen-weitere-informationen-zum-nachlesen-und-zum-projekt-findet-ihr-unter-info\">*Unter \u201cMelden\u201d kannst du den Vorfall bei uns zur Dokumentation melden. Wenn ihr Beratung braucht findet ihr unter \u201cHilfe &amp; Kontakte\u201d Anlaufstellen. Weitere Informationen zum nachlesen und zum Projekt findet ihr unter \u201cInfo\u201d. <\/p>\n\n\n\n<p><\/p>\n\n\n\n<p id=\"unter-melden-kannst-du-den-vorfall-bei-uns-zur-dokumentation-melden-wenn-ihr-beratung-braucht-findet-ihr-unter-hilfe-kontakte-anlaufstellen-weitere-informationen-zum-nachlesen-und-zum-projekt-findet-ihr-unter-info\">Zur Zeit ist der Fragebogen nur auf deutsch ausf\u00fcllbar. Wir bem\u00fchen uns, zeitnah verschiedene Sprachen zu erm\u00f6glichen. Vielen Dank f\u00fcr Euer Verst\u00e4ndnis.<\/p>\n\n\n\n<p><\/p>\n\n\n\n<div class=\"wp-block-buttons mt-5 is-horizontal is-content-justification-center is-layout-flex wp-container-core-buttons-is-layout-499968f5 wp-block-buttons-is-layout-flex\">\n<div class=\"wp-block-button has-custom-width wp-block-button__width-100 is-style-fill\"><a class=\"wp-block-button__link\" href=\"https:\/\/polizeigewalt-melden.de\/melden\" style=\"border-radius:1px\"><img loading=\"lazy\" decoding=\"async\" width=\"26\" height=\"26\" class=\"wp-image-279\" style=\"width: 26px;\" src=\"https:\/\/polizeigewalt-melden.de\/wp-content\/uploads\/2022\/02\/report.svg\" alt=\"\"> Melden<\/a><\/div>\n\n\n\n<div class=\"wp-block-button has-custom-width wp-block-button__width-100 is-style-fill\"><a class=\"wp-block-button__link\" href=\"https:\/\/polizeigewalt-melden.de\/hilfe-kontakte\" style=\"border-radius:1px\"><img loading=\"lazy\" decoding=\"async\" width=\"26\" height=\"26\" class=\"wp-image-280\" style=\"width: 26px;\" src=\"https:\/\/polizeigewalt-melden.de\/wp-content\/uploads\/2022\/02\/hilfe.svg\" alt=\"\"> Hilfe &amp; Kontakte<\/a><\/div>\n\n\n\n<div class=\"wp-block-button has-custom-width wp-block-button__width-100 is-style-fill\"><a class=\"wp-block-button__link\" href=\"https:\/\/polizeigewalt-melden.de\/info\/\" style=\"border-radius:1px\"><img loading=\"lazy\" decoding=\"async\" width=\"26\" height=\"25\" class=\"wp-image-281\" style=\"width: 26px;\" src=\"https:\/\/polizeigewalt-melden.de\/wp-content\/uploads\/2022\/02\/info.svg\" alt=\"\"> Info<\/a><\/div>\n<\/div>\n\n\n\n<p><\/p>\n","protected":false},"excerpt":{"rendered":"<p>Du hast Erfahrungen mit rassistischer Polizeigewalt? *Unter \u201cMelden\u201d kannst du den Vorfall bei uns zur Dokumentation melden. Wenn ihr Beratung braucht findet ihr unter \u201cHilfe &amp; Kontakte\u201d Anlaufstellen. Weitere Informationen zum nachlesen und zum Projekt findet ihr unter \u201cInfo\u201d. Zur Zeit ist der Fragebogen nur auf deutsch ausf\u00fcllbar. Wir bem\u00fchen uns, zeitnah verschiedene Sprachen zu [&#8230;]<\/p>\n<p><a class=\"btn btn-secondary understrap-read-more-link\" href=\"https:\/\/polizeigewalt-melden.de\/de\/main\/\">Weiterlesen&#8230;<span class=\"screen-reader-text\"> from Main<\/span><\/a><\/p>\n","protected":false},"author":1,"featured_media":0,"parent":0,"menu_order":0,"comment_status":"closed","ping_status":"open","template":"page-templates\/fullwidthpage.php","meta":{"footnotes":""},"class_list":["post-2","page","type-page","status-publish","hentry"],"_links":{"self":[{"href":"https:\/\/polizeigewalt-melden.de\/de\/wp-json\/wp\/v2\/pages\/2","targetHints":{"allow":["GET"]}}],"collection":[{"href":"https:\/\/polizeigewalt-melden.de\/de\/wp-json\/wp\/v2\/pages"}],"about":[{"href":"https:\/\/polizeigewalt-melden.de\/de\/wp-json\/wp\/v2\/types\/page"}],"author":[{"embeddable":true,"href":"https:\/\/polizeigewalt-melden.de\/de\/wp-json\/wp\/v2\/users\/1"}],"replies":[{"embeddable":true,"href":"https:\/\/polizeigewalt-melden.de\/de\/wp-json\/wp\/v2\/comments?post=2"}],"version-history":[{"count":8,"href":"https:\/\/polizeigewalt-melden.de\/de\/wp-json\/wp\/v2\/pages\/2\/revisions"}],"predecessor-version":[{"id":282,"href":"https:\/\/polizeigewalt-melden.de\/de\/wp-json\/wp\/v2\/pages\/2\/revisions\/282"}],"wp:attachment":[{"href":"https:\/\/polizeigewalt-melden.de\/de\/wp-json\/wp\/v2\/media?parent=2"}],"curies":[{"name":"wp","href":"https:\/\/api.w.org\/{rel}","templated":true}]}}