{"id":154,"date":"2022-01-04T22:01:33","date_gmt":"2022-01-04T22:01:33","guid":{"rendered":"https:\/\/polizeigewalt-melden.de\/?page_id=154"},"modified":"2025-10-31T15:13:19","modified_gmt":"2025-10-31T14:13:19","slug":"info","status":"publish","type":"page","link":"https:\/\/polizeigewalt-melden.de\/fr\/info\/","title":{"rendered":"Info"},"content":{"rendered":"<p>Ihr kennt das sicher.<\/p>\n\n\n\n<p>Vous sortez ou vous vous retrouvez avec des ami(e)s , soudain la police arrive et d\u00e9cide de vous contr\u00f4ler (\"d\u00e9lit de faci\u00e8s\"). Vous n'avez rien fait de mal, mais vous vous sentez trait\u00e9s comme des criminels. Ou alors vous \u00eates chez vous dans votre colocation, tout \u00e0 coup la police sonne ou fait irruption sans explication.<\/p>\n\n\n\n<p>Les policiers vous posent alors des questions bizarres, vous embarquent, confisquent vos portables, votre argent, vous brutalisent. Vous \u00eates seul et vous ne savez que faire.<\/p>\n\n\n\n<p>Nous constatons que la police vous manque de respect parce qu'elle est raciste. \n\nLe racisme, c'est le fait de traiter des personnes de mani\u00e8re injuste ou malveillante pour la seule raison de leur couleur de peau,  leur origine ou leur religion.<\/p>\n\n\n\n<p>Ceci est interdit par la loi: la police doit traiter tout le monde de mani\u00e8re \u00e9quitable! M\u00eame si vous avez commis une infraction, la police doit vous traiter convenablement.<\/p>\n\n\n\n<p class=\"translation-block\">Afin d'y rem\u00e9dier, nous avons fond\u00e9 l'initiative \u00ab\u00a0<strong> Secure Shelters\u00a0! <\/strong>\u00a0\u00bb \u00e0 Berlin. Vous pouvez remplir le petit questionnaire si quelque chose vous est arriv\u00e9, \u00e0 vos amis, ou si vous venez de voir quelque chose. Votre nom ou vos contacts ne seront pas publi\u00e9s. Vos rapports peuvent \u00eatre publi\u00e9s de mani\u00e8re anonyme.<\/p>\n\n\n\n<p>Nous sommes int\u00e9ress\u00e9s par votre v\u00e9cu et vos retours. Vos formulaires remplis contribueront \u00e0 mettre en lumi\u00e8re le racisme existant dans la police. Merci de votre aide!<\/p>\n\n\n\n<p>Pour l'instant, le questionnaire ne peut \u00eatre rempli qu'en allemand. Nous nous efforcerons de le rendre disponible dans d'autres langues. Nous vous remercions de votre compr\u00e9hension.<\/p>\n\n\n\n<p><a href=\"https:\/\/app.mural.co\/t\/austauschtreffenrassistische2848\/m\/austauschtreffenrassistische2848\/1743064747598\/a7c07f029ebf269f95a6545208d50cc51e5dd867\">Infos f\u00fcr Sozialarbeitende<\/a><\/p>","protected":false},"excerpt":{"rendered":"<p>Ihr kennt das sicher. Ihr seid mit Freund*innen drau\u00dfen, oder trefft Euch und pl\u00f6tzlich kommt die Polizei und will Euch kontrollieren. Ihr habt nichts Falsches gemacht, aber ihr werdet behandelt wie Kriminelle. Oder Ihr seid in Eurer WG und pl\u00f6tzlich klingelt die Polizei an Eurer T\u00fcr oder bricht ein, ohne zu sagen warum. Sie stellen [&#8230;]<\/p>\n<p><a class=\"btn btn-secondary understrap-read-more-link\" href=\"https:\/\/polizeigewalt-melden.de\/fr\/info\/\">Lire la suite\u2026<span class=\"screen-reader-text\"> from Info<\/span><\/a><\/p>\n","protected":false},"author":1,"featured_media":0,"parent":0,"menu_order":0,"comment_status":"closed","ping_status":"closed","template":"","meta":{"footnotes":""},"class_list":["post-154","page","type-page","status-publish","hentry"],"_links":{"self":[{"href":"https:\/\/polizeigewalt-melden.de\/fr\/wp-json\/wp\/v2\/pages\/154","targetHints":{"allow":["GET"]}}],"collection":[{"href":"https:\/\/polizeigewalt-melden.de\/fr\/wp-json\/wp\/v2\/pages"}],"about":[{"href":"https:\/\/polizeigewalt-melden.de\/fr\/wp-json\/wp\/v2\/types\/page"}],"author":[{"embeddable":true,"href":"https:\/\/polizeigewalt-melden.de\/fr\/wp-json\/wp\/v2\/users\/1"}],"replies":[{"embeddable":true,"href":"https:\/\/polizeigewalt-melden.de\/fr\/wp-json\/wp\/v2\/comments?post=154"}],"version-history":[{"count":2,"href":"https:\/\/polizeigewalt-melden.de\/fr\/wp-json\/wp\/v2\/pages\/154\/revisions"}],"predecessor-version":[{"id":299,"href":"https:\/\/polizeigewalt-melden.de\/fr\/wp-json\/wp\/v2\/pages\/154\/revisions\/299"}],"wp:attachment":[{"href":"https:\/\/polizeigewalt-melden.de\/fr\/wp-json\/wp\/v2\/media?parent=154"}],"curies":[{"name":"wp","href":"https:\/\/api.w.org\/{rel}","templated":true}]}}