{"id":154,"date":"2022-01-04T22:01:33","date_gmt":"2022-01-04T22:01:33","guid":{"rendered":"https:\/\/polizeigewalt-melden.de\/?page_id=154"},"modified":"2025-10-31T15:13:19","modified_gmt":"2025-10-31T14:13:19","slug":"info","status":"publish","type":"page","link":"https:\/\/polizeigewalt-melden.de\/ku\/info\/","title":{"rendered":"Info"},"content":{"rendered":"<p>Ihr kennt das sicher.<\/p>\n\n\n\n<p>H\u00fbn bi heval\u00ean xwe re li derve ne, an h\u00fbn hevdu bib\u00eenin \u00fb ji ni\u015fka ve pol\u00ees werin \u00fb dixwazin we kontrol bikin. Te ti\u015ftek nekiriye, l\u00ea bi te re wek\u00ee s\u00fbcdaran t\u00ea kirin. An j\u00ee h\u00fbn di apartmana xweya hevpar de ne \u00fb ji ni\u015fka ve pol\u00ees zengila deriy\u00ea we l\u00eadixe an j\u00ee b\u00eay\u00ee ku b\u00eaje \u00e7ima vediqet\u00eene. Pirs\u00ean henek dipirsin, we dibirin, t\u00ealefon\u00ean we, perey\u00ean we dipar\u00eazin, we di\u00ea\u015f\u00eenin. H\u00fbn bi ten\u00ea ne \u00fb nizanin \u00e7i bikin.<\/p>\n\n\n\n<p>Em dib\u00eenin ku pol\u00ees ji ber ku nijadperest in b\u00eahurmetiy\u00ea li we dikin.<\/p>\n\n\n\n<p>N\u00eejadperest\u00ee ew e ku mirov ji ber reng\u00ea \u00e7erm, esl\u00ea xwe an ol\u00ea, m\u00eenak\u00ee, neheq\u00ee an xirab\u00ee l\u00ea t\u00ea kirin.<\/p>\n\n\n\n<p>Qedexe ye: Div\u00ea pol\u00ees bi her kes\u00ee re wekhev tevbigere! Tewra ku te xeletiyek kiribe j\u00ee, div\u00ea pol\u00ees bi hurmet bi we re tevbigere<\/p>\n\n\n\n<p class=\"translation-block\">Ji bo ku em ti\u015ftek\u00ee li ser v\u00ea yek\u00ea bikin, me li Berl\u00een\u00ea \u00een\u00eesiyat\u00eefa \"<strong> Sitargeh\u00ean Ewle! <\/strong>\" damezrand. Heke ti\u015ftek hat ser\u00ea we, heval\u00ean we, an we ten\u00ea ti\u015ftek d\u00eet, h\u00fbn dikarin pirsnameya pi\u00e7\u00fbk tije bikin. Nav\u00ea we an j\u00ee t\u00eakiliy\u00ean we nay\u00ean we\u015fandin. Rapor\u00ean we dikarin nenas b\u00eane we\u015fandin.<\/p>\n\n\n\n<p>Em bi serp\u00eahat\u00ee \u00fb rapor\u00ean we re eleqedar in. Pirsnamey\u00ean we ji me re dibe al\u00eekar ku em nijadperestiy\u00ea di nav pol\u00ees de e\u015fkere bikin. Spas dikim!<\/p>\n\n\n\n<p>Zur Zeit ist der Fragebogen nur auf deutsch ausf\u00fcllbar. Wir bem\u00fchen uns, zeitnah verschiedene Sprachen zu erm\u00f6glichen. Vielen Dank f\u00fcr Euer Verst\u00e4ndnis.<\/p>\n\n\n\n<p><a href=\"https:\/\/app.mural.co\/t\/austauschtreffenrassistische2848\/m\/austauschtreffenrassistische2848\/1743064747598\/a7c07f029ebf269f95a6545208d50cc51e5dd867\">Infos f\u00fcr Sozialarbeitende<\/a><\/p>","protected":false},"excerpt":{"rendered":"<p>Ihr kennt das sicher. Ihr seid mit Freund*innen drau\u00dfen, oder trefft Euch und pl\u00f6tzlich kommt die Polizei und will Euch kontrollieren. Ihr habt nichts Falsches gemacht, aber ihr werdet behandelt wie Kriminelle. Oder Ihr seid in Eurer WG und pl\u00f6tzlich klingelt die Polizei an Eurer T\u00fcr oder bricht ein, ohne zu sagen warum. Sie stellen [&#8230;]<\/p>\n<p><a class=\"btn btn-secondary understrap-read-more-link\" href=\"https:\/\/polizeigewalt-melden.de\/ku\/info\/\">Read More&#8230;<span class=\"screen-reader-text\"> from Info<\/span><\/a><\/p>\n","protected":false},"author":1,"featured_media":0,"parent":0,"menu_order":0,"comment_status":"closed","ping_status":"closed","template":"","meta":{"footnotes":""},"class_list":["post-154","page","type-page","status-publish","hentry"],"_links":{"self":[{"href":"https:\/\/polizeigewalt-melden.de\/ku\/wp-json\/wp\/v2\/pages\/154","targetHints":{"allow":["GET"]}}],"collection":[{"href":"https:\/\/polizeigewalt-melden.de\/ku\/wp-json\/wp\/v2\/pages"}],"about":[{"href":"https:\/\/polizeigewalt-melden.de\/ku\/wp-json\/wp\/v2\/types\/page"}],"author":[{"embeddable":true,"href":"https:\/\/polizeigewalt-melden.de\/ku\/wp-json\/wp\/v2\/users\/1"}],"replies":[{"embeddable":true,"href":"https:\/\/polizeigewalt-melden.de\/ku\/wp-json\/wp\/v2\/comments?post=154"}],"version-history":[{"count":2,"href":"https:\/\/polizeigewalt-melden.de\/ku\/wp-json\/wp\/v2\/pages\/154\/revisions"}],"predecessor-version":[{"id":299,"href":"https:\/\/polizeigewalt-melden.de\/ku\/wp-json\/wp\/v2\/pages\/154\/revisions\/299"}],"wp:attachment":[{"href":"https:\/\/polizeigewalt-melden.de\/ku\/wp-json\/wp\/v2\/media?parent=154"}],"curies":[{"name":"wp","href":"https:\/\/api.w.org\/{rel}","templated":true}]}}