{"id":154,"date":"2022-01-04T22:01:33","date_gmt":"2022-01-04T22:01:33","guid":{"rendered":"https:\/\/polizeigewalt-melden.de\/?page_id=154"},"modified":"2025-10-31T15:13:19","modified_gmt":"2025-10-31T14:13:19","slug":"info","status":"publish","type":"page","link":"https:\/\/polizeigewalt-melden.de\/th\/info\/","title":{"rendered":"Info"},"content":{"rendered":"<p>Ihr kennt das sicher.<\/p>\n\n\n\n<p>\u0e04\u0e38\u0e13\u0e2d\u0e22\u0e39\u0e48\u0e02\u0e49\u0e32\u0e07\u0e19\u0e2d\u0e01\u0e01\u0e31\u0e1a\u0e40\u0e1e\u0e37\u0e48\u0e2d\u0e19 \u0e2b\u0e23\u0e37\u0e2d\u0e40\u0e08\u0e2d\u0e41\u0e25\u0e49\u0e27\u0e08\u0e39\u0e48\u0e46 \u0e15\u0e33\u0e23\u0e27\u0e08\u0e01\u0e47\u0e21\u0e32\u0e15\u0e49\u0e2d\u0e07\u0e01\u0e32\u0e23\u0e08\u0e30\u0e04\u0e27\u0e1a\u0e04\u0e38\u0e21\u0e04\u0e38\u0e13 \u0e04\u0e38\u0e13\u0e44\u0e21\u0e48\u0e44\u0e14\u0e49\u0e17\u0e33\u0e2d\u0e30\u0e44\u0e23\u0e1c\u0e34\u0e14 \u0e41\u0e15\u0e48\u0e04\u0e38\u0e13\u0e44\u0e14\u0e49\u0e23\u0e31\u0e1a\u0e01\u0e32\u0e23\u0e1b\u0e0f\u0e34\u0e1a\u0e31\u0e15\u0e34\u0e40\u0e2b\u0e21\u0e37\u0e2d\u0e19\u0e40\u0e1b\u0e47\u0e19\u0e2d\u0e32\u0e0a\u0e0d\u0e32\u0e01\u0e23 \u0e2b\u0e23\u0e37\u0e2d\u0e04\u0e38\u0e13\u0e2d\u0e22\u0e39\u0e48\u0e43\u0e19\u0e2d\u0e1e\u0e32\u0e23\u0e4c\u0e15\u0e40\u0e21\u0e19\u0e15\u0e4c\u0e17\u0e35\u0e48\u0e43\u0e0a\u0e49\u0e23\u0e48\u0e27\u0e21\u0e01\u0e31\u0e19 \u0e41\u0e25\u0e30\u0e08\u0e39\u0e48\u0e46 \u0e15\u0e33\u0e23\u0e27\u0e08\u0e01\u0e47\u0e01\u0e14\u0e01\u0e23\u0e34\u0e48\u0e07\u0e1b\u0e23\u0e30\u0e15\u0e39\u0e02\u0e2d\u0e07\u0e04\u0e38\u0e13\u0e2b\u0e23\u0e37\u0e2d\u0e1a\u0e38\u0e01\u0e40\u0e02\u0e49\u0e32\u0e21\u0e32\u0e42\u0e14\u0e22\u0e44\u0e21\u0e48\u0e1a\u0e2d\u0e01\u0e2a\u0e32\u0e40\u0e2b\u0e15\u0e38 \u0e1e\u0e27\u0e01\u0e40\u0e02\u0e32\u0e16\u0e32\u0e21\u0e04\u0e33\u0e16\u0e32\u0e21\u0e15\u0e25\u0e01 \u0e46 \u0e1e\u0e32\u0e04\u0e38\u0e13\u0e2d\u0e2d\u0e01\u0e44\u0e1b \u0e40\u0e01\u0e47\u0e1a\u0e42\u0e17\u0e23\u0e28\u0e31\u0e1e\u0e17\u0e4c\u0e21\u0e37\u0e2d\u0e16\u0e37\u0e2d \u0e40\u0e07\u0e34\u0e19\u0e02\u0e2d\u0e07\u0e04\u0e38\u0e13 \u0e17\u0e33\u0e23\u0e49\u0e32\u0e22\u0e04\u0e38\u0e13 \u0e04\u0e38\u0e13\u0e2d\u0e22\u0e39\u0e48\u0e04\u0e19\u0e40\u0e14\u0e35\u0e22\u0e27\u0e41\u0e25\u0e30\u0e44\u0e21\u0e48\u0e23\u0e39\u0e49\u0e27\u0e48\u0e32\u0e08\u0e30\u0e17\u0e33\u0e2d\u0e22\u0e48\u0e32\u0e07\u0e44\u0e23<\/p>\n\n\n\n<p>\u0e40\u0e23\u0e32\u0e2a\u0e31\u0e07\u0e40\u0e01\u0e15\u0e27\u0e48\u0e32\u0e15\u0e33\u0e23\u0e27\u0e08\u0e44\u0e21\u0e48\u0e40\u0e04\u0e32\u0e23\u0e1e\u0e04\u0e38\u0e13\u0e40\u0e1e\u0e23\u0e32\u0e30\u0e1e\u0e27\u0e01\u0e40\u0e02\u0e32\u0e40\u0e1b\u0e47\u0e19\u0e0a\u0e19\u0e0a\u0e31\u0e49\u0e19<\/p>\n\n\n\n<p>\u0e01\u0e32\u0e23\u0e40\u0e2b\u0e22\u0e35\u0e22\u0e14\u0e40\u0e0a\u0e37\u0e49\u0e2d\u0e0a\u0e32\u0e15\u0e34\u0e04\u0e37\u0e2d\u0e01\u0e32\u0e23\u0e17\u0e35\u0e48\u0e1c\u0e39\u0e49\u0e04\u0e19\u0e44\u0e14\u0e49\u0e23\u0e31\u0e1a\u0e01\u0e32\u0e23\u0e1b\u0e0f\u0e34\u0e1a\u0e31\u0e15\u0e34\u0e2d\u0e22\u0e48\u0e32\u0e07\u0e44\u0e21\u0e48\u0e22\u0e38\u0e15\u0e34\u0e18\u0e23\u0e23\u0e21\u0e2b\u0e23\u0e37\u0e2d\u0e44\u0e21\u0e48\u0e14\u0e35\u0e40\u0e1e\u0e35\u0e22\u0e07\u0e40\u0e1e\u0e23\u0e32\u0e30\u0e2a\u0e35\u0e1c\u0e34\u0e27 \u0e41\u0e2b\u0e25\u0e48\u0e07\u0e01\u0e33\u0e40\u0e19\u0e34\u0e14 \u0e2b\u0e23\u0e37\u0e2d\u0e28\u0e32\u0e2a\u0e19\u0e32 \u0e40\u0e1b\u0e47\u0e19\u0e15\u0e49\u0e19<\/p>\n\n\n\n<p>\u0e15\u0e49\u0e2d\u0e07\u0e2b\u0e49\u0e32\u0e21 : \u0e15\u0e33\u0e23\u0e27\u0e08\u0e15\u0e49\u0e2d\u0e07\u0e1b\u0e0f\u0e34\u0e1a\u0e31\u0e15\u0e34\u0e15\u0e48\u0e2d\u0e17\u0e38\u0e01\u0e04\u0e19\u0e2d\u0e22\u0e48\u0e32\u0e07\u0e40\u0e17\u0e48\u0e32\u0e40\u0e17\u0e35\u0e22\u0e21\u0e01\u0e31\u0e19! \u0e17\u0e33\u0e1c\u0e34\u0e14\u0e15\u0e33\u0e23\u0e27\u0e08\u0e01\u0e47\u0e15\u0e49\u0e2d\u0e07\u0e43\u0e2b\u0e49\u0e40\u0e01\u0e35\u0e22\u0e23\u0e15\u0e34\u0e04\u0e38\u0e13<\/p>\n\n\n\n<p class=\"translation-block\">\u0e40\u0e1e\u0e37\u0e48\u0e2d\u0e14\u0e33\u0e40\u0e19\u0e34\u0e19\u0e01\u0e32\u0e23\u0e1a\u0e32\u0e07\u0e2d\u0e22\u0e48\u0e32\u0e07 \u0e40\u0e23\u0e32\u0e44\u0e14\u0e49\u0e01\u0e48\u0e2d\u0e15\u0e31\u0e49\u0e07\u0e42\u0e04\u0e23\u0e07\u0e01\u0e32\u0e23 \"<strong> Secure Shelters! <\/strong>\" \u0e02\u0e36\u0e49\u0e19\u0e43\u0e19\u0e01\u0e23\u0e38\u0e07\u0e40\u0e1a\u0e2d\u0e23\u0e4c\u0e25\u0e34\u0e19 \u0e04\u0e38\u0e13\u0e2a\u0e32\u0e21\u0e32\u0e23\u0e16\u0e01\u0e23\u0e2d\u0e01\u0e41\u0e1a\u0e1a\u0e2a\u0e2d\u0e1a\u0e16\u0e32\u0e21\u0e40\u0e25\u0e47\u0e01\u0e46 \u0e19\u0e49\u0e2d\u0e22\u0e46 \u0e44\u0e14\u0e49\u0e2b\u0e32\u0e01\u0e21\u0e35\u0e1a\u0e32\u0e07\u0e2d\u0e22\u0e48\u0e32\u0e07\u0e40\u0e01\u0e34\u0e14\u0e02\u0e36\u0e49\u0e19\u0e01\u0e31\u0e1a\u0e04\u0e38\u0e13 \u0e40\u0e1e\u0e37\u0e48\u0e2d\u0e19\u0e02\u0e2d\u0e07\u0e04\u0e38\u0e13 \u0e2b\u0e23\u0e37\u0e2d\u0e04\u0e38\u0e13\u0e40\u0e1e\u0e34\u0e48\u0e07\u0e40\u0e2b\u0e47\u0e19\u0e2d\u0e30\u0e44\u0e23\u0e1a\u0e32\u0e07\u0e2d\u0e22\u0e48\u0e32\u0e07 \u0e0a\u0e37\u0e48\u0e2d\u0e2b\u0e23\u0e37\u0e2d\u0e1c\u0e39\u0e49\u0e15\u0e34\u0e14\u0e15\u0e48\u0e2d\u0e02\u0e2d\u0e07\u0e04\u0e38\u0e13\u0e08\u0e30\u0e44\u0e21\u0e48\u0e16\u0e39\u0e01\u0e40\u0e1c\u0e22\u0e41\u0e1e\u0e23\u0e48 \u0e23\u0e32\u0e22\u0e07\u0e32\u0e19\u0e02\u0e2d\u0e07\u0e04\u0e38\u0e13\u0e2a\u0e32\u0e21\u0e32\u0e23\u0e16\u0e40\u0e1c\u0e22\u0e41\u0e1e\u0e23\u0e48\u0e42\u0e14\u0e22\u0e44\u0e21\u0e48\u0e40\u0e1b\u0e34\u0e14\u0e40\u0e1c\u0e22\u0e15\u0e31\u0e27\u0e15\u0e19<\/p>\n\n\n\n<p>\u0e40\u0e23\u0e32\u0e2a\u0e19\u0e43\u0e08\u0e43\u0e19\u0e1b\u0e23\u0e30\u0e2a\u0e1a\u0e01\u0e32\u0e23\u0e13\u0e4c\u0e41\u0e25\u0e30\u0e23\u0e32\u0e22\u0e07\u0e32\u0e19\u0e02\u0e2d\u0e07\u0e04\u0e38\u0e13 \u0e41\u0e1a\u0e1a\u0e2a\u0e2d\u0e1a\u0e16\u0e32\u0e21\u0e02\u0e2d\u0e07\u0e04\u0e38\u0e13\u0e0a\u0e48\u0e27\u0e22\u0e43\u0e2b\u0e49\u0e40\u0e23\u0e32\u0e40\u0e1c\u0e22\u0e41\u0e1e\u0e23\u0e48\u0e01\u0e32\u0e23\u0e40\u0e2b\u0e22\u0e35\u0e22\u0e14\u0e40\u0e0a\u0e37\u0e49\u0e2d\u0e0a\u0e32\u0e15\u0e34\u0e43\u0e19\u0e2b\u0e21\u0e39\u0e48\u0e15\u0e33\u0e23\u0e27\u0e08 \u0e02\u0e2d\u0e02\u0e2d\u0e1a\u0e04\u0e38\u0e13!<\/p>\n\n\n\n<p>Zur Zeit ist der Fragebogen nur auf deutsch ausf\u00fcllbar. Wir bem\u00fchen uns, zeitnah verschiedene Sprachen zu erm\u00f6glichen. Vielen Dank f\u00fcr Euer Verst\u00e4ndnis.<\/p>\n\n\n\n<p><a href=\"https:\/\/app.mural.co\/t\/austauschtreffenrassistische2848\/m\/austauschtreffenrassistische2848\/1743064747598\/a7c07f029ebf269f95a6545208d50cc51e5dd867\">Infos f\u00fcr Sozialarbeitende<\/a><\/p>","protected":false},"excerpt":{"rendered":"<p>Ihr kennt das sicher. Ihr seid mit Freund*innen drau\u00dfen, oder trefft Euch und pl\u00f6tzlich kommt die Polizei und will Euch kontrollieren. Ihr habt nichts Falsches gemacht, aber ihr werdet behandelt wie Kriminelle. Oder Ihr seid in Eurer WG und pl\u00f6tzlich klingelt die Polizei an Eurer T\u00fcr oder bricht ein, ohne zu sagen warum. Sie stellen [&#8230;]<\/p>\n<p><a class=\"btn btn-secondary understrap-read-more-link\" href=\"https:\/\/polizeigewalt-melden.de\/th\/info\/\">Read More&#8230;<span class=\"screen-reader-text\"> from Info<\/span><\/a><\/p>\n","protected":false},"author":1,"featured_media":0,"parent":0,"menu_order":0,"comment_status":"closed","ping_status":"closed","template":"","meta":{"footnotes":""},"class_list":["post-154","page","type-page","status-publish","hentry"],"_links":{"self":[{"href":"https:\/\/polizeigewalt-melden.de\/th\/wp-json\/wp\/v2\/pages\/154","targetHints":{"allow":["GET"]}}],"collection":[{"href":"https:\/\/polizeigewalt-melden.de\/th\/wp-json\/wp\/v2\/pages"}],"about":[{"href":"https:\/\/polizeigewalt-melden.de\/th\/wp-json\/wp\/v2\/types\/page"}],"author":[{"embeddable":true,"href":"https:\/\/polizeigewalt-melden.de\/th\/wp-json\/wp\/v2\/users\/1"}],"replies":[{"embeddable":true,"href":"https:\/\/polizeigewalt-melden.de\/th\/wp-json\/wp\/v2\/comments?post=154"}],"version-history":[{"count":2,"href":"https:\/\/polizeigewalt-melden.de\/th\/wp-json\/wp\/v2\/pages\/154\/revisions"}],"predecessor-version":[{"id":299,"href":"https:\/\/polizeigewalt-melden.de\/th\/wp-json\/wp\/v2\/pages\/154\/revisions\/299"}],"wp:attachment":[{"href":"https:\/\/polizeigewalt-melden.de\/th\/wp-json\/wp\/v2\/media?parent=154"}],"curies":[{"name":"wp","href":"https:\/\/api.w.org\/{rel}","templated":true}]}}