{"id":154,"date":"2022-01-04T22:01:33","date_gmt":"2022-01-04T22:01:33","guid":{"rendered":"https:\/\/polizeigewalt-melden.de\/?page_id=154"},"modified":"2025-10-31T15:13:19","modified_gmt":"2025-10-31T14:13:19","slug":"info","status":"publish","type":"page","link":"https:\/\/polizeigewalt-melden.de\/tr\/info\/","title":{"rendered":"Bilgi"},"content":{"rendered":"<p>Ihr kennt das sicher.<\/p>\n\n\n\n<p>Mutlaka bilirsiniz, d\u0131\u015far\u0131da arkada\u015flar\u0131n\u0131zla birliktesiniz veya yeni bulu\u015fuyorsunuz ve aniden polis gelir ve sizi kontrol etmek ister. Ortada yapt\u0131\u011f\u0131n\u0131z yanl\u0131\u015f bir \u015fey yoktur ama size su\u00e7lu muamelesi yap\u0131l\u0131r. Ya da ev arkada\u015flar\u0131n\u0131zla birlikte dairenizde otururken aniden polis kap\u0131y\u0131 \u00e7alar veya nedenini s\u00f6ylemeden i\u00e7eri zorla girer. Tuhaf sorular sorup sizi g\u00f6t\u00fcr\u00fcrler; telefonlar\u0131n\u0131za, paran\u0131za el koyup can\u0131n\u0131z\u0131 yakarlar. Yaln\u0131zs\u0131n\u0131zd\u0131r ve ne yapaca\u011f\u0131n\u0131z\u0131 bilemezsiniz.<\/p>\n\n\n\n<p>Polisin size sayg\u0131s\u0131zca davrand\u0131\u011f\u0131n\u0131n fark\u0131nday\u0131z; \u00e7\u00fcnk\u00fc \u0131rk\u00e7\u0131lar.<\/p>\n\n\n\n<p>Irk\u00e7\u0131l\u0131k, insanlara \u00f6rne\u011fin sadece ten renkleri, k\u00f6kenleri veya dinleri nedeniyle haks\u0131z veya k\u00f6t\u00fc davran\u0131lmas\u0131d\u0131r.<\/p>\n\n\n\n<p>Bu kanunen yasakt\u0131r. Polis t\u00fcm insanlara e\u015fit davranmal\u0131! Bir hata yapm\u0131\u015f olsan\u0131z bile, polis size sayg\u0131 g\u00f6stermeli.<\/p>\n\n\n\n<p class=\"translation-block\">Buna kar\u015f\u0131 bir \u015feyler yapmak i\u00e7in Berlin'de \"G\u00fcvenli alanlar sa\u011flayal\u0131m!\" inisiyatifini kurduk. Sizin veya arkada\u015flar\u0131n\u0131z\u0131n ba\u015f\u0131na gelen veya sadece g\u00f6rd\u00fc\u011f\u00fcn\u00fcz bir olay\u0131 k\u0131saca buradaki anketi doldurarak bize bildirebilirsiniz. Ad\u0131n\u0131z veya ileti\u015fim bilgileriniz yay\u0131nlanmayacak. Raporlar\u0131n\u0131z anonim olarak, yani ad\u0131n\u0131z ge\u00e7meden yay\u0131nlanabilir.<\/p>\n\n\n\n<p>Deneyimleriniz ve raporlar\u0131n\u0131z bizim i\u00e7in \u00f6nemli. Dolduraca\u011f\u0131n\u0131z anketler polisin yapt\u0131\u011f\u0131 \u0131rk\u00e7\u0131l\u0131\u011f\u0131 kamuoyuna duyurmam\u0131za yard\u0131mc\u0131 olacak. Hepinize te\u015fekk\u00fcrler!<\/p>\n\n\n\n<p>\u015eu anda anket dili sadece Almancad\u0131r. Farkl\u0131 dilleri desteklemesi i\u00e7in hala \u00e7al\u0131\u015f\u0131yoruz. Anlay\u0131\u015f\u0131n\u0131z i\u00e7in te\u015fekk\u00fcr ederiz.<\/p>\n\n\n\n<p><a href=\"https:\/\/app.mural.co\/t\/austauschtreffenrassistische2848\/m\/austauschtreffenrassistische2848\/1743064747598\/a7c07f029ebf269f95a6545208d50cc51e5dd867\">Infos f\u00fcr Sozialarbeitende<\/a><\/p>","protected":false},"excerpt":{"rendered":"<p>Ihr kennt das sicher. Ihr seid mit Freund*innen drau\u00dfen, oder trefft Euch und pl\u00f6tzlich kommt die Polizei und will Euch kontrollieren. Ihr habt nichts Falsches gemacht, aber ihr werdet behandelt wie Kriminelle. Oder Ihr seid in Eurer WG und pl\u00f6tzlich klingelt die Polizei an Eurer T\u00fcr oder bricht ein, ohne zu sagen warum. Sie stellen [&#8230;]<\/p>\n<p><a class=\"btn btn-secondary understrap-read-more-link\" href=\"https:\/\/polizeigewalt-melden.de\/tr\/info\/\">Daha fazlas\u0131n\u0131 oku\u2026<span class=\"screen-reader-text\"> from Info<\/span><\/a><\/p>\n","protected":false},"author":1,"featured_media":0,"parent":0,"menu_order":0,"comment_status":"closed","ping_status":"closed","template":"","meta":{"footnotes":""},"class_list":["post-154","page","type-page","status-publish","hentry"],"_links":{"self":[{"href":"https:\/\/polizeigewalt-melden.de\/tr\/wp-json\/wp\/v2\/pages\/154","targetHints":{"allow":["GET"]}}],"collection":[{"href":"https:\/\/polizeigewalt-melden.de\/tr\/wp-json\/wp\/v2\/pages"}],"about":[{"href":"https:\/\/polizeigewalt-melden.de\/tr\/wp-json\/wp\/v2\/types\/page"}],"author":[{"embeddable":true,"href":"https:\/\/polizeigewalt-melden.de\/tr\/wp-json\/wp\/v2\/users\/1"}],"replies":[{"embeddable":true,"href":"https:\/\/polizeigewalt-melden.de\/tr\/wp-json\/wp\/v2\/comments?post=154"}],"version-history":[{"count":2,"href":"https:\/\/polizeigewalt-melden.de\/tr\/wp-json\/wp\/v2\/pages\/154\/revisions"}],"predecessor-version":[{"id":299,"href":"https:\/\/polizeigewalt-melden.de\/tr\/wp-json\/wp\/v2\/pages\/154\/revisions\/299"}],"wp:attachment":[{"href":"https:\/\/polizeigewalt-melden.de\/tr\/wp-json\/wp\/v2\/media?parent=154"}],"curies":[{"name":"wp","href":"https:\/\/api.w.org\/{rel}","templated":true}]}}